{"id":27,"date":"2024-06-11T22:56:53","date_gmt":"2024-06-11T22:56:53","guid":{"rendered":"https:\/\/vortexer.dk\/?post_type=product&#038;p=27"},"modified":"2026-04-19T00:59:04","modified_gmt":"2026-04-19T00:59:04","slug":"living-water-vortexer","status":"publish","type":"product","link":"https:\/\/www.vortexer.dk\/da\/vare\/living-water-vortexer","title":{"rendered":"Living Water VORTEX\u00e8r"},"content":{"rendered":"<h3>Naturens Design<\/h3>\n<ul>\n<li>Biomimik, det Gyldne Snit (phi) og Fibonacci.<\/li>\n<li>Naturligt \u00e6ggeformet design indvendigt for en perfekt hvirvel.<\/li>\n<li>Ahornfr\u00f8-inspireret propel.<\/li>\n<\/ul>\n<h3>Ren og Sikker<\/h3>\n<ul>\n<li>Milj\u00f8venlig certificeret amorf copolyester fra vegetabilske kilder (fri for BPA, EDC og phthalater).<\/li>\n<li>Propel og kontaktpunkt er dobbeltbelagt med 30\u00b5 rent s\u00f8lv, som bidrager til en antiseptisk effekt.<\/li>\n<li>Robust og grebsvenligt h\u00e5ndtag.<\/li>\n<\/ul>\n<h3>Moderne<\/h3>\n<ul>\n<li>Avanceret teknologi, pr\u00e6cisionsteknik og design.<\/li>\n<li>Robust motor med dynamisk rotation i realtid afh\u00e6ngigt af vandets t\u00e6thed.<\/li>\n<li>Tredje generation 2024-model.<\/li>\n<\/ul>\n<h3>Intuitiv<\/h3>\n<ul>\n<li>Energisk, struktureret vand med et tryk p\u00e5 en knap.<\/li>\n<li>3 programmer med forskellige tider og hastigheder til forskellige vandenerginiveauer.<\/li>\n<li>Sikker USB-opladning fra toppen.<\/li>\n<li>50 starter pr. opladning, ca. 100 liter vortexvand.<\/li>\n<\/ul>\n<h3>Omkostnings-effektiv<\/h3>\n<ul>\n<li>Ingen vandr\u00f8r, der skal sk\u00e6res over, ingen enhed, der skal installeres under vasken, ingen arbejdskraft.<\/li>\n<li>Ingen dyre tilf\u00f8jelser eller reservedele.<\/li>\n<li>Let og tr\u00e5dl\u00f8s, til hjemmet eller p\u00e5 rejsen.<\/li>\n<\/ul>\n<h3>Prisbel\u00f8nnet<\/h3>\n<ul>\n<li>S\u00f8lvmedalje. Geneva International Inventors Convention i 2018.<\/li>\n<li>Designet, konstrueret og samlet i Danmark.<\/li>\n<li>Underst\u00f8ttet af 30 \u00e5rs forskning.<\/li>\n<\/ul>\n<h3>Peace Of Mind<\/h3>\n<ul>\n<li>30 dages pengene-tilbage-garanti.<\/li>\n<li>2 \u00e5rs garanti.<\/li>\n<li>B\u00e6redygtig, alle dele kan udskiftes og repareres.<\/li>\n<\/ul>","protected":false},"excerpt":{"rendered":"<ul>\n<li>Topl\u00e5g med robust motor, genopladeligt litium-ion-batteri (USB-C).<\/li>\n<li>Elektronisk \"Dynamisk sensing og t\u00e6thedsrespons\" (rotation og hastighed justeres i henhold til de virvelkr\u00e6fter, der er i spil).<\/li>\n<li>Luftindtag, s\u00e5 der kan tr\u00e6kkes ilt ned i vandet.<\/li>\n<li>3 programmer til forskellige energiniveauer i vandet.<\/li>\n<li>Hvirvelprocessens varighed er 3,3 til 7,3 minutter, afh\u00e6ngigt af programmet.<\/li>\n<li>Vandet er klar til at blive drukket, n\u00e5r det er faldet til ro (ca. 10 minutter).<\/li>\n<li>Den maksimale vandkvalitet n\u00e5s efter 4 timer (brintmolekylerne har stabiliseret sig).<\/li>\n<\/ul>","protected":false},"featured_media":36,"template":"","meta":[],"product_brand":[],"product_cat":[15],"product_tag":[18],"class_list":{"0":"post-27","1":"product","2":"type-product","3":"status-publish","4":"has-post-thumbnail","6":"product_cat-uncategorized","7":"product_tag-vortexer","9":"first","10":"outofstock","11":"featured","12":"taxable","13":"shipping-taxable","14":"purchasable","15":"product-type-variable","16":"has-default-attributes"},"_links":{"self":[{"href":"https:\/\/www.vortexer.dk\/da\/wp-json\/wp\/v2\/product\/27","targetHints":{"allow":["GET"]}}],"collection":[{"href":"https:\/\/www.vortexer.dk\/da\/wp-json\/wp\/v2\/product"}],"about":[{"href":"https:\/\/www.vortexer.dk\/da\/wp-json\/wp\/v2\/types\/product"}],"version-history":[{"count":1,"href":"https:\/\/www.vortexer.dk\/da\/wp-json\/wp\/v2\/product\/27\/revisions"}],"predecessor-version":[{"id":10403,"href":"https:\/\/www.vortexer.dk\/da\/wp-json\/wp\/v2\/product\/27\/revisions\/10403"}],"wp:featuredmedia":[{"embeddable":true,"href":"https:\/\/www.vortexer.dk\/da\/wp-json\/wp\/v2\/media\/36"}],"wp:attachment":[{"href":"https:\/\/www.vortexer.dk\/da\/wp-json\/wp\/v2\/media?parent=27"}],"wp:term":[{"taxonomy":"product_brand","embeddable":true,"href":"https:\/\/www.vortexer.dk\/da\/wp-json\/wp\/v2\/product_brand?post=27"},{"taxonomy":"product_cat","embeddable":true,"href":"https:\/\/www.vortexer.dk\/da\/wp-json\/wp\/v2\/product_cat?post=27"},{"taxonomy":"product_tag","embeddable":true,"href":"https:\/\/www.vortexer.dk\/da\/wp-json\/wp\/v2\/product_tag?post=27"}],"curies":[{"name":"wp","href":"https:\/\/api.w.org\/{rel}","templated":true}]}}