{"id":7092,"date":"2024-05-13T17:16:49","date_gmt":"2024-05-13T15:16:49","guid":{"rendered":"https:\/\/stage.livingwatervortexer.com\/?page_id=7092"},"modified":"2024-07-08T09:31:33","modified_gmt":"2024-07-08T09:31:33","slug":"shipping-and-delivery","status":"publish","type":"page","link":"https:\/\/www.vortexer.dk\/da\/shipping-and-delivery","title":{"rendered":"Forsendelse og Levering"},"content":{"rendered":"<div data-elementor-type=\"wp-page\" data-elementor-id=\"7092\" class=\"elementor elementor-7092\" data-elementor-post-type=\"page\">\n\t\t\t\t<div class=\"elementor-element elementor-element-22a8739 e-flex e-con-boxed e-con e-parent\" data-id=\"22a8739\" data-element_type=\"container\" data-e-type=\"container\">\n\t\t\t\t\t<div class=\"e-con-inner\">\n\t\t\t\t<div class=\"elementor-element elementor-element-fd2f9e1 elementor-widget elementor-widget-text-editor\" data-id=\"fd2f9e1\" data-element_type=\"widget\" data-e-type=\"widget\" data-widget_type=\"text-editor.default\">\n\t\t\t\t<div class=\"elementor-widget-container\">\n\t\t\t\t\t\t\t\t\t<h1>FORSENDELSE OG LEVERING<\/h1><ul><li>N\u00e5r du g\u00e5r til kassen, kan du se de tilg\u00e6ngelige leveringsmuligheder baseret p\u00e5 din leveringsadresse.<\/li><li>N\u00e5r du har afgivet en ordre, modtager du straks en bekr\u00e6ftelsesmail.<\/li><li>N\u00e5r din ordre er afsendt fra vores lager, vil du modtage en forsendelsesbekr\u00e6ftelse med dit sporingsnummer.<\/li><li>Vores lager er kun \u00e5bent inden for normal arbejdstid.<\/li><\/ul><h3><strong>Leveringsperiode<\/strong><\/h3><ul><li>Leveringstiderne er vejledende og betragtes derfor ikke som absolutte tidsfrister.<\/li><li>Du har ikke ret til kompensation, hvis en leveringsperiode overskrides.<\/li><li>Vi har ret til, s\u00e5 vidt det er rimeligt muligt, at foretage opdelte leveringer, s\u00e5 du modtager dine produkter s\u00e5 hurtigt som muligt, uden ekstra omkostninger for dig.<\/li><li>Hvis vi leverer en del for sent, eller en delordre er defekt, giver det dig ikke ret til at annullere nogen anden del af delordren.<\/li><\/ul><h3><strong>Fastholdelse<\/strong><\/h3><ul><li>Vi bevarer ejendomsretten til hvert leveret produkt, indtil betaling af det skyldige bel\u00f8b for det respektive produkt er foretaget fuldt ud og modtaget af os. Risikoen i forbindelse med produkterne overf\u00f8res til kunden p\u00e5 det tidspunkt, hvor produkterne overdrages, eller ved manglende accept.<\/li><li>I tilf\u00e6lde af manglende betaling forbeholder vi os ret til at g\u00f8re krav p\u00e5 ejerskabet af det p\u00e5g\u00e6ldende produkt.<\/li><\/ul><h3><strong>\u00a0<\/strong><\/h3><h3><strong>EU-FORSENDELSER:<br \/><\/strong><\/h3><ul><li>Leveres inden for 4 til 7 arbejdsdage.<\/li><\/ul><h3>\u00a0<\/h3><h3><strong>FORSENDELSER UDEN FOR EU:<br \/><\/strong><\/h3><ul><li>Leveres inden for 7 til 21 arbejdsdage.<\/li><li>De angivne priser er de samlede priser eksklusive moms, GST og\/eller afgifter).<\/li><li><span style=\"background-color: transparent; color: var( --e-global-color-text );\">Ved levering til lande uden for EU kan der i enkelte tilf\u00e6lde opst\u00e5 yderligere omkostninger, som vi ikke er ansvarlige for, og som skal b\u00e6res af kunden.<\/span><\/li><li>Disse omfatter f.eks. omkostninger til pengeoverf\u00f8rsler fra banker (f.eks. overf\u00f8rselsgebyrer, valutakursgebyrer) eller importafgifter eller skatter (f.eks. told).<\/li><li>S\u00e5danne omkostninger kan ogs\u00e5 opst\u00e5 i forbindelse med overf\u00f8rsel af penge, hvis leveringen ikke sker til et land uden for EU, men kunden foretager betalingen fra et land uden for EU.<\/li><\/ul><div><strong style=\"color: var( --e-global-color-primary ); font-size: 1.5rem;\">\u00a0<\/strong><\/div><h2><strong style=\"color: var( --e-global-color-primary ); font-size: 1.5rem;\">Foresp\u00f8rgsler om forsendelse<\/strong><\/h2><ul><li>Du kan desv\u00e6rre ikke \u00e6ndre din leveringsadresse eller leveringsmetode, n\u00e5r du har sendt din ordre.<\/li><li>Hvis din forsendelse ikke bliver leveret, bliver den sendt tilbage til lageret, og vi unders\u00f8ger \u00e5rsagerne og kontakter dig.<\/li><li class=\"translation-block\">Hvis noget g\u00e5r galt undervejs, kan du <a href=\"https:\/\/vortexer.dkcontact\" target=\"_self\">kontakte os<\/a>, hvis du har sp\u00f8rgsm\u00e5l eller problemer.<\/li><\/ul>\t\t\t\t\t\t\t\t<\/div>\n\t\t\t\t<\/div>\n\t\t\t\t\t<\/div>\n\t\t\t\t<\/div>\n\t\t\t\t<\/div>","protected":false},"excerpt":{"rendered":"<p>SHIPPING AND DELIVERY During checkout, you\u2019ll see the available delivery options based on your delivery address. After placing an order, you&#8217;ll immediately receive a confirmation email. When your order is dispatched from our warehouse you will receive a shipping confirmation with your tracking number. Our warehouse only operates during normal business hours. Delivery Period Delivery [&hellip;]<\/p>\n","protected":false},"author":2,"featured_media":0,"parent":0,"menu_order":0,"comment_status":"closed","ping_status":"closed","template":"","meta":{"footnotes":""},"class_list":["post-7092","page","type-page","status-publish","hentry"],"_links":{"self":[{"href":"https:\/\/www.vortexer.dk\/da\/wp-json\/wp\/v2\/pages\/7092","targetHints":{"allow":["GET"]}}],"collection":[{"href":"https:\/\/www.vortexer.dk\/da\/wp-json\/wp\/v2\/pages"}],"about":[{"href":"https:\/\/www.vortexer.dk\/da\/wp-json\/wp\/v2\/types\/page"}],"author":[{"embeddable":true,"href":"https:\/\/www.vortexer.dk\/da\/wp-json\/wp\/v2\/users\/2"}],"replies":[{"embeddable":true,"href":"https:\/\/www.vortexer.dk\/da\/wp-json\/wp\/v2\/comments?post=7092"}],"version-history":[{"count":0,"href":"https:\/\/www.vortexer.dk\/da\/wp-json\/wp\/v2\/pages\/7092\/revisions"}],"wp:attachment":[{"href":"https:\/\/www.vortexer.dk\/da\/wp-json\/wp\/v2\/media?parent=7092"}],"curies":[{"name":"wp","href":"https:\/\/api.w.org\/{rel}","templated":true}]}}