{"id":6532,"date":"2024-05-13T01:02:01","date_gmt":"2024-05-12T23:02:01","guid":{"rendered":"https:\/\/stage.livingwatervortexer.com\/?page_id=6532"},"modified":"2024-11-08T19:25:31","modified_gmt":"2024-11-08T19:25:31","slug":"philosophy","status":"publish","type":"page","link":"https:\/\/www.vortexer.dk\/da\/philosophy","title":{"rendered":"Filosofi"},"content":{"rendered":"<div data-elementor-type=\"wp-page\" data-elementor-id=\"6532\" class=\"elementor elementor-6532\" data-elementor-post-type=\"page\">\n\t\t\t\t<div class=\"elementor-element elementor-element-9de820f e-flex e-con-boxed e-con e-parent\" data-id=\"9de820f\" data-element_type=\"container\" data-e-type=\"container\" data-settings=\"{&quot;background_background&quot;:&quot;classic&quot;}\">\n\t\t\t\t\t<div class=\"e-con-inner\">\n\t\t<div class=\"elementor-element elementor-element-6b142849 e-con-full e-flex e-con e-child\" data-id=\"6b142849\" data-element_type=\"container\" data-e-type=\"container\">\n\t\t\t\t<div class=\"elementor-element elementor-element-6a1159b6 elementor-widget elementor-widget-image\" data-id=\"6a1159b6\" data-element_type=\"widget\" data-e-type=\"widget\" data-widget_type=\"image.default\">\n\t\t\t\t<div class=\"elementor-widget-container\">\n\t\t\t\t\t\t\t\t\t\t\t\t\t\t\t<img fetchpriority=\"high\" decoding=\"async\" width=\"311\" height=\"350\" src=\"https:\/\/www.vortexer.dk\/wp-content\/uploads\/2024\/05\/Viktor.png\" class=\"attachment-full size-full wp-image-6583\" alt=\"viktor schauberger implosion\" srcset=\"https:\/\/www.vortexer.dk\/wp-content\/uploads\/2024\/05\/Viktor.png 311w, https:\/\/www.vortexer.dk\/wp-content\/uploads\/2024\/05\/Viktor-300x338.png 300w, https:\/\/www.vortexer.dk\/wp-content\/uploads\/2024\/05\/Viktor-267x300.png 267w\" sizes=\"(max-width: 311px) 100vw, 311px\" \/>\t\t\t\t\t\t\t\t\t\t\t\t\t\t\t<\/div>\n\t\t\t\t<\/div>\n\t\t\t\t<\/div>\n\t\t<div class=\"elementor-element elementor-element-622c9a5 e-flex e-con-boxed e-con e-child\" data-id=\"622c9a5\" data-element_type=\"container\" data-e-type=\"container\">\n\t\t\t\t\t<div class=\"e-con-inner\">\n\t\t\t\t<div class=\"elementor-element elementor-element-6dbbd90e elementor-widget elementor-widget-heading\" data-id=\"6dbbd90e\" data-element_type=\"widget\" data-e-type=\"widget\" data-widget_type=\"heading.default\">\n\t\t\t\t<div class=\"elementor-widget-container\">\n\t\t\t\t\t<h4 class=\"elementor-heading-title elementor-size-default\">Kilden...<\/h4>\t\t\t\t<\/div>\n\t\t\t\t<\/div>\n\t\t\t\t<div class=\"elementor-element elementor-element-53ef2510 elementor-widget elementor-widget-text-editor\" data-id=\"53ef2510\" data-element_type=\"widget\" data-e-type=\"widget\" data-widget_type=\"text-editor.default\">\n\t\t\t\t<div class=\"elementor-widget-container\">\n\t\t\t\t\t\t\t\t\t<p class=\"translation-block\">Omkring 1930 inds\u00e5 den \u00f8strigske opfinder <strong>Viktor Schauberger<\/strong>, at vand kan \u00e6ndre sin struktur, bl.a. ved at blive transporteret gennem lige r\u00f8r.<\/p><p class=\"translation-block\">Schauberger havde opfundet et transportsystem, hvor han lod tr\u00e6stammer flyde p\u00e5 vandet i \u00e5bne tr\u00e6kanaler, som han byggede gennem bjerglandskabet efter samme m\u00f8nster som en flod ville f\u00f8lge i sit naturlige l\u00f8b. Tr\u00e6kanalerne var udstyret med \"finner\", der styrede og skabte en spiralformet bev\u00e6gelse i vandet. Denne bev\u00e6gelse holdt t\u00f8mmeret i midten af vandstr\u00f8mmen. Han demonstrerede ogs\u00e5, at ved at bruge en venstredrejende bev\u00e6gelse var <strong>\u201c<em>implosion<\/em>\u201c<\/strong> en opbyggende kraft i livets strukturer, mens en h\u00f8jredrejende bev\u00e6gelse svarede til eksplosion, nedbrydning og \u00f8del\u00e6ggelse.<\/p><p class=\"translation-block\">If\u00f8lge Schauberger og mange andre som ham er <strong>\"implosionskraft\"<\/strong> eller <strong>\"implosionsteknologi\"<\/strong> fremtidens energi- og livskilde.<\/p>\t\t\t\t\t\t\t\t<\/div>\n\t\t\t\t<\/div>\n\t\t\t\t\t<\/div>\n\t\t\t\t<\/div>\n\t\t\t\t\t<\/div>\n\t\t\t\t<\/div>\n\t\t<div class=\"elementor-element elementor-element-d22044f e-flex e-con-boxed e-con e-parent\" data-id=\"d22044f\" data-element_type=\"container\" data-e-type=\"container\" data-settings=\"{&quot;background_background&quot;:&quot;classic&quot;}\">\n\t\t\t\t\t<div class=\"e-con-inner\">\n\t\t<div class=\"elementor-element elementor-element-feb1360 e-con-full e-flex e-con e-child\" data-id=\"feb1360\" data-element_type=\"container\" data-e-type=\"container\">\n\t\t\t\t<div class=\"elementor-element elementor-element-81d6795 elementor-widget elementor-widget-image\" data-id=\"81d6795\" data-element_type=\"widget\" data-e-type=\"widget\" data-widget_type=\"image.default\">\n\t\t\t\t<div class=\"elementor-widget-container\">\n\t\t\t\t\t\t\t\t\t\t\t\t\t\t\t<img decoding=\"async\" width=\"747\" height=\"539\" src=\"https:\/\/www.vortexer.dk\/wp-content\/uploads\/2024\/05\/Vortex-close-up-LWV-800x600-1.jpg\" class=\"attachment-full size-full wp-image-6592\" alt=\"bubbles\" srcset=\"https:\/\/www.vortexer.dk\/wp-content\/uploads\/2024\/05\/Vortex-close-up-LWV-800x600-1.jpg 747w, https:\/\/www.vortexer.dk\/wp-content\/uploads\/2024\/05\/Vortex-close-up-LWV-800x600-1-300x216.jpg 300w, https:\/\/www.vortexer.dk\/wp-content\/uploads\/2024\/05\/Vortex-close-up-LWV-800x600-1-360x260.jpg 360w\" sizes=\"(max-width: 747px) 100vw, 747px\" \/>\t\t\t\t\t\t\t\t\t\t\t\t\t\t\t<\/div>\n\t\t\t\t<\/div>\n\t\t\t\t<\/div>\n\t\t<div class=\"elementor-element elementor-element-628fc23 e-flex e-con-boxed e-con e-child\" data-id=\"628fc23\" data-element_type=\"container\" data-e-type=\"container\">\n\t\t\t\t\t<div class=\"e-con-inner\">\n\t\t\t\t<div class=\"elementor-element elementor-element-99cd68f elementor-widget elementor-widget-heading\" data-id=\"99cd68f\" data-element_type=\"widget\" data-e-type=\"widget\" data-widget_type=\"heading.default\">\n\t\t\t\t<div class=\"elementor-widget-container\">\n\t\t\t\t\t<h4 class=\"elementor-heading-title elementor-size-default\">Udviklingen...<\/h4>\t\t\t\t<\/div>\n\t\t\t\t<\/div>\n\t\t\t\t<div class=\"elementor-element elementor-element-8027f8f elementor-widget elementor-widget-text-editor\" data-id=\"8027f8f\" data-element_type=\"widget\" data-e-type=\"widget\" data-widget_type=\"text-editor.default\">\n\t\t\t\t<div class=\"elementor-widget-container\">\n\t\t\t\t\t\t\t\t\t<p>P\u00e5 nogenlunde samme tid fandt den danske forsker <strong>Arne H. Paulsen<\/strong> studerede naturen i dybden, og denne viden, sammen med Schaubergers resultater, dannede grundlag for\u00a0<a href=\"https:\/\/www.vortexer.dk\/da\/vare\/living-water-vortexer\/\" target=\"_blank\" rel=\"noopener\">Living Water VORTEX\u00e8r<\/a>\u00a0vandbehandlingssystem. Omkring 1950 blev ideen om at skabe en vandkande udviklet af <strong>Julia V\u00f8ldan<\/strong>\u00a0p\u00e5 Humleg\u00e5rden i Nordsj\u00e6lland (Danmark) sammen med Arne H. Paulsen.<\/p><p class=\"translation-block\">Julia V\u00f8ldan havde kendskab til professor <strong>Otto Warburgs<\/strong> Nobelpris i 1931. Warburg beskrev, hvordan en kr\u00e6ftcelle ikke overlevede i en biopsi\/v\u00e6vspr\u00f8ve med en kr\u00e6ftsvulst, hvis pH-v\u00e6rdien var over ca. 6,8. Julia mente, at en \u00f8get pH-v\u00e6rdi i drikkevandet kunne v\u00e6re gavnlig og styrke vores immunforsvar.<\/p><p>Det var begyndelsen p\u00e5\u00a0<a href=\"https:\/\/www.vortexer.dk\/da\/vare\/living-water-vortexer\/\" target=\"_blank\" rel=\"noopener\">Living Water VORTEX\u00e8r<\/a>.<\/p>\t\t\t\t\t\t\t\t<\/div>\n\t\t\t\t<\/div>\n\t\t\t\t\t<\/div>\n\t\t\t\t<\/div>\n\t\t\t\t\t<\/div>\n\t\t\t\t<\/div>\n\t\t<div class=\"elementor-element elementor-element-e9febee e-flex e-con-boxed e-con e-parent\" data-id=\"e9febee\" data-element_type=\"container\" data-e-type=\"container\" data-settings=\"{&quot;background_background&quot;:&quot;classic&quot;}\">\n\t\t\t\t\t<div class=\"e-con-inner\">\n\t\t<div class=\"elementor-element elementor-element-30ab5a6 e-con-full e-flex e-con e-child\" data-id=\"30ab5a6\" data-element_type=\"container\" data-e-type=\"container\">\n\t\t\t\t<div class=\"elementor-element elementor-element-1e94fd8 elementor-widget elementor-widget-image\" data-id=\"1e94fd8\" data-element_type=\"widget\" data-e-type=\"widget\" data-widget_type=\"image.default\">\n\t\t\t\t<div class=\"elementor-widget-container\">\n\t\t\t\t\t\t\t\t\t\t\t\t\t\t\t<img decoding=\"async\" width=\"1600\" height=\"1153\" src=\"https:\/\/www.vortexer.dk\/wp-content\/uploads\/2024\/05\/928c2268538e1722546115013189d351.jpg\" class=\"attachment-full size-full wp-image-6588\" alt=\"\" srcset=\"https:\/\/www.vortexer.dk\/wp-content\/uploads\/2024\/05\/928c2268538e1722546115013189d351.jpg 1600w, https:\/\/www.vortexer.dk\/wp-content\/uploads\/2024\/05\/928c2268538e1722546115013189d351-300x216.jpg 300w, https:\/\/www.vortexer.dk\/wp-content\/uploads\/2024\/05\/928c2268538e1722546115013189d351-360x259.jpg 360w, https:\/\/www.vortexer.dk\/wp-content\/uploads\/2024\/05\/928c2268538e1722546115013189d351-1024x738.jpg 1024w, https:\/\/www.vortexer.dk\/wp-content\/uploads\/2024\/05\/928c2268538e1722546115013189d351-768x553.jpg 768w, https:\/\/www.vortexer.dk\/wp-content\/uploads\/2024\/05\/928c2268538e1722546115013189d351-1536x1107.jpg 1536w\" sizes=\"(max-width: 1600px) 100vw, 1600px\" \/>\t\t\t\t\t\t\t\t\t\t\t\t\t\t\t<\/div>\n\t\t\t\t<\/div>\n\t\t\t\t<\/div>\n\t\t<div class=\"elementor-element elementor-element-96d11b7 e-flex e-con-boxed e-con e-child\" data-id=\"96d11b7\" data-element_type=\"container\" data-e-type=\"container\">\n\t\t\t\t\t<div class=\"e-con-inner\">\n\t\t\t\t<div class=\"elementor-element elementor-element-740821f elementor-widget elementor-widget-heading\" data-id=\"740821f\" data-element_type=\"widget\" data-e-type=\"widget\" data-widget_type=\"heading.default\">\n\t\t\t\t<div class=\"elementor-widget-container\">\n\t\t\t\t\t<h4 class=\"elementor-heading-title elementor-size-default\">Enkelhed ... Naturligt<\/h4>\t\t\t\t<\/div>\n\t\t\t\t<\/div>\n\t\t\t\t<div class=\"elementor-element elementor-element-5856597 elementor-widget elementor-widget-text-editor\" data-id=\"5856597\" data-element_type=\"widget\" data-e-type=\"widget\" data-widget_type=\"text-editor.default\">\n\t\t\t\t<div class=\"elementor-widget-container\">\n\t\t\t\t\t\t\t\t\t<p>Systemet er enkelt og baseret p\u00e5 naturens egne pr\u00e6misser.<\/p><p>Uanset om du studerer planeternes bev\u00e6gelse p\u00e5 himlen eller en vanddr\u00e5be under et mikroskop, vil du opdage, at mikrokosmos og makrokosmos bev\u00e6ger sig i samme m\u00f8nster. Nogle mennesker kan ikke forst\u00e5, hvordan noget s\u00e5 enkelt kan fungere. Nogle gange ligger hemmeligheden lige for vores f\u00f8dder, klar til at blive samlet op.<\/p><p>Pr\u00f8v at samle et ahornfr\u00f8 op fra jorden og kast det op i luften. Det vil falde ned som en lille helikopter og lave den samme hvirvelbev\u00e6gelse som vandet i\u00a0<a href=\"https:\/\/www.vortexer.dk\/da\/vare\/living-water-vortexer\/\" target=\"_blank\" rel=\"noopener\">Living Water VORTEX\u00e8r<\/a>.<\/p>\t\t\t\t\t\t\t\t<\/div>\n\t\t\t\t<\/div>\n\t\t\t\t\t<\/div>\n\t\t\t\t<\/div>\n\t\t\t\t\t<\/div>\n\t\t\t\t<\/div>\n\t\t\t\t<\/div>","protected":false},"excerpt":{"rendered":"<p>The Source&#8230; Around 1930, Austrian inventor Viktor Schauberger\u00a0realised that water can change its structures by, amongst other things, being transported through straight pipes. Schauberger had invented a transport system by floating timber logs on water inside of open, wooden channels that he built through the mountain landscape much according to the same patterns as a [&hellip;]<\/p>\n","protected":false},"author":2,"featured_media":0,"parent":0,"menu_order":0,"comment_status":"closed","ping_status":"closed","template":"","meta":{"footnotes":""},"class_list":["post-6532","page","type-page","status-publish","hentry"],"_links":{"self":[{"href":"https:\/\/www.vortexer.dk\/da\/wp-json\/wp\/v2\/pages\/6532","targetHints":{"allow":["GET"]}}],"collection":[{"href":"https:\/\/www.vortexer.dk\/da\/wp-json\/wp\/v2\/pages"}],"about":[{"href":"https:\/\/www.vortexer.dk\/da\/wp-json\/wp\/v2\/types\/page"}],"author":[{"embeddable":true,"href":"https:\/\/www.vortexer.dk\/da\/wp-json\/wp\/v2\/users\/2"}],"replies":[{"embeddable":true,"href":"https:\/\/www.vortexer.dk\/da\/wp-json\/wp\/v2\/comments?post=6532"}],"version-history":[{"count":0,"href":"https:\/\/www.vortexer.dk\/da\/wp-json\/wp\/v2\/pages\/6532\/revisions"}],"wp:attachment":[{"href":"https:\/\/www.vortexer.dk\/da\/wp-json\/wp\/v2\/media?parent=6532"}],"curies":[{"name":"wp","href":"https:\/\/api.w.org\/{rel}","templated":true}]}}