{"id":6058,"date":"2024-05-11T12:43:16","date_gmt":"2024-05-11T10:43:16","guid":{"rendered":"https:\/\/stage.livingwatervortexer.com\/?page_id=6058"},"modified":"2024-07-02T15:40:13","modified_gmt":"2024-07-02T15:40:13","slug":"promotional-terms-conditions","status":"publish","type":"page","link":"https:\/\/www.vortexer.dk\/da\/promotional-terms-conditions","title":{"rendered":"Promotional Terms &#038; Conditions"},"content":{"rendered":"<div data-elementor-type=\"wp-page\" data-elementor-id=\"6058\" class=\"elementor elementor-6058\" data-elementor-post-type=\"page\">\n\t\t\t\t<div class=\"elementor-element elementor-element-775e1eb e-flex e-con-boxed e-con e-parent\" data-id=\"775e1eb\" data-element_type=\"container\" data-e-type=\"container\" data-settings=\"{&quot;background_background&quot;:&quot;classic&quot;}\">\n\t\t\t\t\t<div class=\"e-con-inner\">\n\t\t\t\t<div class=\"elementor-element elementor-element-30647cc elementor-widget elementor-widget-text-editor\" data-id=\"30647cc\" data-element_type=\"widget\" data-e-type=\"widget\" data-widget_type=\"text-editor.default\">\n\t\t\t\t<div class=\"elementor-widget-container\">\n\t\t\t\t\t\t\t\t\t<h1>VILK\u00c5R OG BETINGELSER FOR KAMPAGNER<\/h1><p>Clean Watercom k\u00f8rer regelm\u00e6ssigt s\u00e6rlige kampagner og midlertidige rabattilbud (herefter \"Rabatter\"), som aktiveres ved at bruge \"Kuponkoder\" og\/eller ved at deltage i en bestemt aktivitet eller begivenhed. Disse kuponkoder giver et rabatbel\u00f8b eller en rabatprocent.<\/p><p>Ved at deltage i Clean Watercoms kampagner accepterer deltagerne at v\u00e6re bundet af disse og kampagnespecifikke vilk\u00e5r og betingelser, som suppleres af vores generelle <a href=\"https:\/\/www.vortexer.dk\/da\/terms-conditions\/\">Vilk\u00e5r og Betingelser<\/a> og vores <a href=\"https:\/\/www.vortexer.dk\/da\/privacy-policy\/\">Privatlivspolitik<\/a>.<\/p><h2>\u00a0<\/h2><h2>Vilk\u00e5r for Brug<\/h2><ul><li>Kuponkoderne er kun gyldige for ordrer i vores onlinebutik.<\/li><li>Rabatter g\u00e6lder for kunder, der opfylder kriterierne for berettigelse som fastsat af Clean Watercom. Disse kriterier kan omfatte, men er ikke begr\u00e6nset til, minimumsk\u00f8bsbel\u00f8b, specifikke produktkategorier eller medlemsstatus.<\/li><li>Kuponkoden kan ikke kombineres med andre kuponkoder eller tilbud, medmindre andet er angivet.<\/li><li>Kuponkoden er ikke gyldig i kombination med andre kampagner, medmindre andet er angivet i de specifikke vilk\u00e5r og betingelser for hver kuponkode.<\/li><li>Clean Watercom forbeholder sig ret til at afvise ordrer, hvor en kuponkode anses for at v\u00e6re ugyldig.<\/li><li>Kuponkoderne er kun gyldige for specifikke produkter og kan ikke anvendes til forsendelsesomkostninger (som er udelukket). De er tilg\u00e6ngelige, s\u00e5 l\u00e6nge lager haves, og kan til enhver tid tilbagekaldes. Kunden kan ikke bruge en kuponkode til at opn\u00e5 en rabat p\u00e5 andre produkter end dem, som den p\u00e5g\u00e6ldende kampagne g\u00e6lder for, og som er blevet beskrevet detaljeret i den kommunikation, der indeholder kuponkoden.<\/li><li>Rabatter er kun gyldige i en begr\u00e6nset periode som specificeret af Clean Watercom. Kunder skal bruge kuponkoden inden for den angivne tidsramme for at benytte rabatten.<\/li><li>Rabatten og\/eller kuponkoden kan til enhver tid tr\u00e6kkes tilbage eller \u00e6ndres helt eller delvist efter Clean Watercoms eget sk\u00f8n.<\/li><li>Der kan kun bruges \u00e9n kuponkode pr. ordre og pr. person.<\/li><li>Hvis en kuponkode bruges til en ordre, hvor den (samlede) pris er lavere end v\u00e6rdien af kuponkoden, g\u00e5r den resterende v\u00e6rdi af kuponkoden tabt.<\/li><li>Hvis en del af ordren returneres, vil den refunderede pengev\u00e6rdi v\u00e6re varens v\u00e6rdi p\u00e5 transaktionstidspunktet, dvs. inklusive den anvendte rabat.<\/li><li>Kampagnerabatten g\u00e6lder ikke for erstatningsvarer. Hvis kuponkoden stadig er gyldig p\u00e5 tidspunktet for returneringen, skal der afgives en ny ordre ved hj\u00e6lp af den oprindelige kuponkode.<\/li><li>Kunden kan ikke bruge kuponkoder til kommercielle form\u00e5l og\/eller andre form\u00e5l end dem, de blev tilbudt til.<\/li><li>Kunden kan aldrig kr\u00e6ve nogen rettigheder baseret p\u00e5 det faktum, at de ikke var i stand til at bruge kuponkoden, og kunden kan aldrig bruge en kuponkode bagefter eller med tilbagevirkende kraft.<\/li><li>Clean Watercom forbeholder sig ret til at \u00e6ndre kuponkoder til enhver tid, hvis det bliver opm\u00e6rksom p\u00e5, at de er blevet delt, distribueret eller offentliggjort p\u00e5 nogen m\u00e5de, der ikke er godkendt af Clean Watercom. En s\u00e5dan \u00e6ndring kan omfatte udskiftning af eksisterende kuponkoder med nye, med eller uden forudg\u00e5ende varsel til de ber\u00f8rte parter.<\/li><li>Clean Watercom forbeholder sig ret til efter eget sk\u00f8n at opsige mist\u00e6nkte ulovlige tjenester, herunder hvis de mener, at der har v\u00e6ret og\/eller er mistanke om brud p\u00e5 disse vilk\u00e5r og betingelser, bedrageri eller misbrug af tjenesten.<\/li><li>Kuponkoder er ugyldige, hvis de er begr\u00e6nset eller forbudt ved lov.<\/li><li>Clean Watercom forbeholder sig ret til at \u00e6ndre eller opsige disse vilk\u00e5r og betingelser til enhver tid uden forudg\u00e5ende varsel.<\/li><\/ul>\t\t\t\t\t\t\t\t<\/div>\n\t\t\t\t<\/div>\n\t\t\t\t\t<\/div>\n\t\t\t\t<\/div>\n\t\t\t\t<\/div>","protected":false},"excerpt":{"rendered":"<p>PROMOTIONAL TERMS AND CONDITIONS On a regular basis, Clean Watercom runs special promotions and temporary discount offers (hereafter &#8220;Discounts&#8221;) which are activated by making use of \u201cCoupon Codes\u201d and\/or by participating in a specified activity or event. These Coupon Codes grant a discount amount or a discount percentage. By participating in promotions of Clean Watercom, [&hellip;]<\/p>\n","protected":false},"author":2,"featured_media":0,"parent":0,"menu_order":0,"comment_status":"closed","ping_status":"closed","template":"","meta":{"footnotes":""},"class_list":["post-6058","page","type-page","status-publish","hentry"],"_links":{"self":[{"href":"https:\/\/www.vortexer.dk\/da\/wp-json\/wp\/v2\/pages\/6058","targetHints":{"allow":["GET"]}}],"collection":[{"href":"https:\/\/www.vortexer.dk\/da\/wp-json\/wp\/v2\/pages"}],"about":[{"href":"https:\/\/www.vortexer.dk\/da\/wp-json\/wp\/v2\/types\/page"}],"author":[{"embeddable":true,"href":"https:\/\/www.vortexer.dk\/da\/wp-json\/wp\/v2\/users\/2"}],"replies":[{"embeddable":true,"href":"https:\/\/www.vortexer.dk\/da\/wp-json\/wp\/v2\/comments?post=6058"}],"version-history":[{"count":0,"href":"https:\/\/www.vortexer.dk\/da\/wp-json\/wp\/v2\/pages\/6058\/revisions"}],"wp:attachment":[{"href":"https:\/\/www.vortexer.dk\/da\/wp-json\/wp\/v2\/media?parent=6058"}],"curies":[{"name":"wp","href":"https:\/\/api.w.org\/{rel}","templated":true}]}}