{"id":5823,"date":"2024-05-10T15:05:05","date_gmt":"2024-05-10T13:05:05","guid":{"rendered":"https:\/\/stage.livingwatervortexer.com\/?page_id=5823"},"modified":"2024-11-07T00:41:40","modified_gmt":"2024-11-07T00:41:40","slug":"testimonials","status":"publish","type":"page","link":"https:\/\/www.vortexer.dk\/da\/testimonials","title":{"rendered":"Anbefalinger"},"content":{"rendered":"<div data-elementor-type=\"wp-page\" data-elementor-id=\"5823\" class=\"elementor elementor-5823\" data-elementor-post-type=\"page\">\n\t\t\t\t<div class=\"elementor-element elementor-element-6f6bef1 e-flex e-con-boxed e-con e-parent\" data-id=\"6f6bef1\" data-element_type=\"container\" data-e-type=\"container\" data-settings=\"{&quot;background_background&quot;:&quot;classic&quot;}\">\n\t\t\t\t\t<div class=\"e-con-inner\">\n\t\t<div class=\"elementor-element elementor-element-2b654d9 e-con-full e-flex e-con e-child\" data-id=\"2b654d9\" data-element_type=\"container\" data-e-type=\"container\">\n\t\t\t\t<div class=\"elementor-element elementor-element-8f73302 elementor-blockquote--skin-quotation elementor-widget elementor-widget-blockquote\" data-id=\"8f73302\" data-element_type=\"widget\" data-e-type=\"widget\" data-widget_type=\"blockquote.default\">\n\t\t\t\t<div class=\"elementor-widget-container\">\n\t\t\t\t\t\t\t<blockquote class=\"elementor-blockquote\">\n\t\t\t<p class=\"elementor-blockquote__content\">\n\t\t\t\tJeg har brugt vandrensningskander med kulfiltre i mange \u00e5r og i de sidste 3 \u00e5r et meget dyrt vandrensningssystem fra Chanson, som har holdt min mave i gang og mine tarme velfungerende. S\u00e5 jeg var meget sp\u00e6ndt p\u00e5 det f\u00f8rste glas vand fra Living Water VORTEX\u00e8r. Reaktionen var \u00f8jeblikkelig: en udrensning af tarmene med stor gl\u00e6de og dag for dag en stigende energisk lethed i hele min krop, som jeg f\u00f8ler spreder sig til mit sind. Nu, efter flere m\u00e5neders brug, er jeg ikke i tvivl om, at denne kande g\u00f8r vand til den grundl\u00e6ggende og v\u00e6rdifulde drik, vi alle har brug for til sundhed og velv\u00e6re.\t\t\t<\/p>\n\t\t\t\t\t\t\t<div class=\"e-q-footer\">\n\t\t\t\t\t\t\t\t\t\t\t<cite class=\"elementor-blockquote__author\">Wilhelm Nussbaumer (Aarhus, Denmark)<\/cite>\n\t\t\t\t\t\t\t\t\t\t\t\t\t\t<\/div>\n\t\t\t\t\t<\/blockquote>\n\t\t\t\t\t\t<\/div>\n\t\t\t\t<\/div>\n\t\t\t\t<div class=\"elementor-element elementor-element-6985448 elementor-blockquote--skin-quotation elementor-widget elementor-widget-blockquote\" data-id=\"6985448\" data-element_type=\"widget\" data-e-type=\"widget\" data-widget_type=\"blockquote.default\">\n\t\t\t\t<div class=\"elementor-widget-container\">\n\t\t\t\t\t\t\t<blockquote class=\"elementor-blockquote\">\n\t\t\t<p class=\"elementor-blockquote__content\">\n\t\t\t\tJeg har modtaget Water Vortex VORTEX\u00e8r, mange tak. Det er mindst 30 \u00e5r siden, jeg kunne drikke vand fra hanen. S\u00e5 snart jeg drak det, fik jeg dysenteri, som om vandet var forurenet.\n<br><br>\nOg s\u00e5 drak jeg kun vand p\u00e5 flaske, vand til sp\u00e6db\u00f8rn andre steder, jeg kan kun t\u00e5le dette vand. S\u00e5 jeg var n\u00f8dt til at k\u00f8be det i \u00f8kologiske butikker eller i Sunstore. Jeg har haft pakker og vandpakker med det i \u00e5revis.<br><br>\nJeg kan ikke takke jer nok, for lige siden jeg testede Living Water VORTEX\u00e8r. Vandet er stadig uendeligt meget bedre end det vand, jeg k\u00f8bte, jeg har aldrig drukket vand som dette f\u00f8r. Hun er mirakul\u00f8s og vidunderlig, hun er magisk. Jeg gav det til mor, og siden s\u00f8ndag p\u00e5 to dage har hun v\u00e6ret i bedre form, mere v\u00e5gen, mere opm\u00e6rksom, og hukommelsen er vendt tilbage. Det er bare utroligt vidunderligt.<br><br>\nAf natur er jeg et skeptisk menneske, jeg tror kun p\u00e5 det, jeg kan r\u00f8re ved eller smage, ellers tror jeg ikke p\u00e5 det. Men her er dette vand ekstraordin\u00e6rt og magisk mega giga tera. Tusind tak til dig for alt, hvad du g\u00f8r. Jeg h\u00e5ber snart at h\u00f8re fra dig? Jeg \u00f8nsker dig en fantastisk sommer.\n<br><br>\nDet meste af det vand, vi har i hanerne her i Yverdon-les-Bains, kommer fra s\u00f8en og er meget h\u00e5rdt og ofte meget klorholdigt. Jo mere kloreret det var, jo mere syg blev jeg.\n<br><br>\nDet, der er helt fantastisk, er, at selv og kun i \"Harmonize\"-positionen bliver vandet utroligt glat og helt uden smag. Jeg har superf\u00f8lsomme smagsl\u00f8g, men jeg kan ikke lugte noget som helst, og vandet er silkebl\u00f8dt. Desuden ser vandet ud til at v\u00e6re lysende eller ultragennemsigtigt. En af mors plejere gjorde mig i g\u00e5r aftes opm\u00e6rksom p\u00e5, at vand fra hanen i et glas vand er m\u00f8rkere og kedeligere som d\u00f8dt, mens vand, der har passeret gennem vandhvirvlen, er n\u00e6sten funklende, s\u00e5 klart, fyldt med liv og energi.<br><br>\nDet er simpelthen magisk, faktisk er det vand, der bliver magisk, vand fyldt med livsgl\u00e6de.\t\t\t<\/p>\n\t\t\t\t\t\t\t<div class=\"e-q-footer\">\n\t\t\t\t\t\t\t\t\t\t\t<cite class=\"elementor-blockquote__author\">T.B. (Yverdon, Switzerland)<\/cite>\n\t\t\t\t\t\t\t\t\t\t\t\t\t\t<\/div>\n\t\t\t\t\t<\/blockquote>\n\t\t\t\t\t\t<\/div>\n\t\t\t\t<\/div>\n\t\t\t\t<\/div>\n\t\t<div class=\"elementor-element elementor-element-d389ed2 e-con-full e-flex e-con e-child\" data-id=\"d389ed2\" data-element_type=\"container\" data-e-type=\"container\">\n\t\t\t\t<div class=\"elementor-element elementor-element-775797c elementor-blockquote--skin-quotation elementor-widget elementor-widget-blockquote\" data-id=\"775797c\" data-element_type=\"widget\" data-e-type=\"widget\" data-widget_type=\"blockquote.default\">\n\t\t\t\t<div class=\"elementor-widget-container\">\n\t\t\t\t\t\t\t<blockquote class=\"elementor-blockquote\">\n\t\t\t<p class=\"elementor-blockquote__content\">\n\t\t\t\tK\u00f8bte vandenergikanden for et \u00e5r siden. Havde mange helbredsm\u00e6ssige udfordringer. Nu efter et \u00e5r er mange ting blevet bedre. N\u00e5r kanden behandler vandet i 3 minutter, er energien s\u00e5 stor, at jeg nogle gange ikke kan drikke mere end en enkelt slurk. I dag drikker jeg m\u00e5ske 2 glas om dagen. Vandet har en meget rensende effekt p\u00e5 mig.\t\t\t<\/p>\n\t\t\t\t\t\t\t<div class=\"e-q-footer\">\n\t\t\t\t\t\t\t\t\t\t\t<cite class=\"elementor-blockquote__author\">Kirsten, T.<\/cite>\n\t\t\t\t\t\t\t\t\t\t\t\t\t\t<\/div>\n\t\t\t\t\t<\/blockquote>\n\t\t\t\t\t\t<\/div>\n\t\t\t\t<\/div>\n\t\t\t\t<div class=\"elementor-element elementor-element-43dfc96 elementor-blockquote--skin-quotation elementor-widget elementor-widget-blockquote\" data-id=\"43dfc96\" data-element_type=\"widget\" data-e-type=\"widget\" data-widget_type=\"blockquote.default\">\n\t\t\t\t<div class=\"elementor-widget-container\">\n\t\t\t\t\t\t\t<blockquote class=\"elementor-blockquote\">\n\t\t\t<p class=\"elementor-blockquote__content\">\n\t\t\t\tEfter flere m\u00e5neders brug af VORTEX\u00e8r har jeg nu indset, at mine \u00e5ndelige evner er blevet st\u00e6rkere og klarere.\nMine dyr har fantastiske gummer, og deres pels er blevet bl\u00f8dere. I det hele taget har de det alle sammen rigtig godt. Vores familie er blevet fans af det, vi nu kalder helligt vand fra vores Living Water VORTEX\u00e8r, som smager bedre og f\u00f8les bl\u00f8dere end vand fra hanen.\n\t\t\t<\/p>\n\t\t\t\t\t\t\t<div class=\"e-q-footer\">\n\t\t\t\t\t\t\t\t\t\t\t<cite class=\"elementor-blockquote__author\">Betina Salkvist (Animal Whisperer )<\/cite>\n\t\t\t\t\t\t\t\t\t\t\t\t\t\t<\/div>\n\t\t\t\t\t<\/blockquote>\n\t\t\t\t\t\t<\/div>\n\t\t\t\t<\/div>\n\t\t\t\t<div class=\"elementor-element elementor-element-dd520c1 elementor-blockquote--skin-quotation elementor-widget elementor-widget-blockquote\" data-id=\"dd520c1\" data-element_type=\"widget\" data-e-type=\"widget\" data-widget_type=\"blockquote.default\">\n\t\t\t\t<div class=\"elementor-widget-container\">\n\t\t\t\t\t\t\t<blockquote class=\"elementor-blockquote\">\n\t\t\t<p class=\"elementor-blockquote__content\">\n\t\t\t\tJeg havde problemer med at v\u00e6nne mine teenagedrenge af med at drikke sodavand, fordi vandet fra hanen i London er s\u00e5 h\u00e5rdt, at det er sv\u00e6rt at sluge. Nu drikker hele familien masser af s\u00f8dt, livligt og rent vand fra Living Water VORTEX\u00e8r.\t\t\t<\/p>\n\t\t\t\t\t\t\t<div class=\"e-q-footer\">\n\t\t\t\t\t\t\t\t\t\t\t<cite class=\"elementor-blockquote__author\">D.M, (London, UK)<\/cite>\n\t\t\t\t\t\t\t\t\t\t\t\t\t\t<\/div>\n\t\t\t\t\t<\/blockquote>\n\t\t\t\t\t\t<\/div>\n\t\t\t\t<\/div>\n\t\t\t\t<div class=\"elementor-element elementor-element-a8b6ddc elementor-blockquote--skin-quotation elementor-widget elementor-widget-blockquote\" data-id=\"a8b6ddc\" data-element_type=\"widget\" data-e-type=\"widget\" data-widget_type=\"blockquote.default\">\n\t\t\t\t<div class=\"elementor-widget-container\">\n\t\t\t\t\t\t\t<blockquote class=\"elementor-blockquote\">\n\t\t\t<p class=\"elementor-blockquote__content\">\n\t\t\t\tDette produkt har givet mig en ny forst\u00e5else for vand. Der er en m\u00e6rkbar forskel i tekstur og smag p\u00e5 dette vand sammenlignet med filtreret vand. Efter en uges brug har jeg bem\u00e6rket, at jeg drikker meget mere vand og f\u00f8ler, at jeg har mere energi i l\u00f8bet af dagen. Jeg har ogs\u00e5 brugt det i ansigtet og har bem\u00e6rket en klarere teint og en bl\u00f8dere fornemmelse.\t\t\t<\/p>\n\t\t\t\t\t\t\t<div class=\"e-q-footer\">\n\t\t\t\t\t\t\t\t\t\t\t<cite class=\"elementor-blockquote__author\">Simon<\/cite>\n\t\t\t\t\t\t\t\t\t\t\t\t\t\t<\/div>\n\t\t\t\t\t<\/blockquote>\n\t\t\t\t\t\t<\/div>\n\t\t\t\t<\/div>\n\t\t\t\t<div class=\"elementor-element elementor-element-3affa3a elementor-blockquote--skin-quotation elementor-widget elementor-widget-blockquote\" data-id=\"3affa3a\" data-element_type=\"widget\" data-e-type=\"widget\" data-widget_type=\"blockquote.default\">\n\t\t\t\t<div class=\"elementor-widget-container\">\n\t\t\t\t\t\t\t<blockquote class=\"elementor-blockquote\">\n\t\t\t<p class=\"elementor-blockquote__content\">\n\t\t\t\tJeg skulle have en galdestensoperation, men en ven gav mig et tip om en vandbehandlingskande, der kunne \u00e6ndre vandets egenskaber. Jeg udsatte operationen i 5 uger og gik i gang. Ved konsultationen kunne hospitalet ikke p\u00e5vise sten og aflyste operationen.\nJeg har stadig kanden, nu 18 \u00e5r senere. Jeg bruger den stadig dagligt.\nJeg har ikke haft nogen problemer siden.\t\t\t<\/p>\n\t\t\t\t\t\t\t<div class=\"e-q-footer\">\n\t\t\t\t\t\t\t\t\t\t\t<cite class=\"elementor-blockquote__author\">Inge (Oslo, Norway)<\/cite>\n\t\t\t\t\t\t\t\t\t\t\t\t\t\t<\/div>\n\t\t\t\t\t<\/blockquote>\n\t\t\t\t\t\t<\/div>\n\t\t\t\t<\/div>\n\t\t\t\t<div class=\"elementor-element elementor-element-40c7968 elementor-blockquote--skin-quotation elementor-widget elementor-widget-blockquote\" data-id=\"40c7968\" data-element_type=\"widget\" data-e-type=\"widget\" data-widget_type=\"blockquote.default\">\n\t\t\t\t<div class=\"elementor-widget-container\">\n\t\t\t\t\t\t\t<blockquote class=\"elementor-blockquote\">\n\t\t\t<p class=\"elementor-blockquote__content\">\n\t\t\t\tJeg har haft det godt, siden jeg begyndte at drikke spundet vand, men jeg blev virkelig overrasket over, hvor bl\u00f8d huden i mit ansigt blev bare ved at spr\u00f8jte det p\u00e5 inden sengetid. Jeg har t\u00f8r og f\u00f8lsom hud, som reagerer d\u00e5rligt p\u00e5 de fleste produkter, s\u00e5 det at forbedre udseendet og f\u00f8lelsen af min hud med kun struktureret vand er en total game-changer.\t\t\t<\/p>\n\t\t\t\t\t\t\t<div class=\"e-q-footer\">\n\t\t\t\t\t\t\t\t\t\t\t<cite class=\"elementor-blockquote__author\">Laura M<\/cite>\n\t\t\t\t\t\t\t\t\t\t\t\t\t\t<\/div>\n\t\t\t\t\t<\/blockquote>\n\t\t\t\t\t\t<\/div>\n\t\t\t\t<\/div>\n\t\t\t\t<\/div>\n\t\t<div class=\"elementor-element elementor-element-f7d7003 e-con-full e-flex e-con e-child\" data-id=\"f7d7003\" data-element_type=\"container\" data-e-type=\"container\">\n\t\t\t\t<div class=\"elementor-element elementor-element-44b8ed5 elementor-blockquote--skin-quotation elementor-widget elementor-widget-blockquote\" data-id=\"44b8ed5\" data-element_type=\"widget\" data-e-type=\"widget\" data-widget_type=\"blockquote.default\">\n\t\t\t\t<div class=\"elementor-widget-container\">\n\t\t\t\t\t\t\t<blockquote class=\"elementor-blockquote\">\n\t\t\t<p class=\"elementor-blockquote__content\">\n\t\t\t\tJeg begyndte at bruge Living Water Vortex efter at have h\u00f8rt Luc tale om de fysiske fordele ved struktureret vand, som omfattede \u00f8get energi og f\u00e6rre rynker. Wow, jeg ville give dette vand en chance, for jeg havde intet at tabe. Efter to m\u00e5neder f\u00f8ler jeg, at min hud str\u00e5ler, jeg har et h\u00f8jt energiniveau, og jeg f\u00f8ler mig levende. Det mest sp\u00e6ndende resultat af denne to m\u00e5neders pr\u00f8veperiode er, at mine \u00f8jne er blevet bedre - jeg begyndte at bade mine \u00f8jne n\u00e6sten med det samme, jeg begyndte at drikke det strukturerede vand.\n<br><br>\n Mine \u00f8jne, is\u00e6r det h\u00f8jre, havde en tendens til at gr\u00e6de lidt, hvilket er en tilstand, som min mor led af. N\u00e5r det h\u00f8jre \u00f8je gr\u00e6d, m\u00e5tte jeg hele tiden t\u00f8rre \u00f8jenkrogen, og det var nyttel\u00f8st at bruge eyeliner, fordi det ville blive noget rod under \u00f8jet. En uge efter at jeg begyndte at bruge det strukturerede vand, begyndte jeg at bade begge \u00f8jne morgen og aften. I l\u00f8bet af en uge holdt mine \u00f8jne op med at gr\u00e6de - de s\u00e5 lyse og sunde ud, og det bedste af det hele er, at jeg nu bruger eyeliner, som holder hele dagen med \u00e9n p\u00e5f\u00f8ring om morgenen. Jeg vil anbefale Living Water Vortex-kanden som en fast bestanddel i alles hjem. De sundhedsm\u00e6ssige fordele er enorme. Tak skal du have, Luc.\t\t\t<\/p>\n\t\t\t\t\t\t\t<div class=\"e-q-footer\">\n\t\t\t\t\t\t\t\t\t\t\t<cite class=\"elementor-blockquote__author\">Beverley<\/cite>\n\t\t\t\t\t\t\t\t\t\t\t\t\t\t<\/div>\n\t\t\t\t\t<\/blockquote>\n\t\t\t\t\t\t<\/div>\n\t\t\t\t<\/div>\n\t\t\t\t<div class=\"elementor-element elementor-element-99c8b59 elementor-blockquote--skin-quotation elementor-widget elementor-widget-blockquote\" data-id=\"99c8b59\" data-element_type=\"widget\" data-e-type=\"widget\" data-widget_type=\"blockquote.default\">\n\t\t\t\t<div class=\"elementor-widget-container\">\n\t\t\t\t\t\t\t<blockquote class=\"elementor-blockquote\">\n\t\t\t<p class=\"elementor-blockquote__content\">\n\t\t\t\tDet er sv\u00e6rt at tro, men ud af det dusin mennesker, jeg blindtestede, foretrak elleve smagen af det spundne vand, og den sidste var fork\u00f8let. Jeg har haft kanden hjemme i flere m\u00e5neder nu, og min families vandforbrug er steget fra et enkelt glas til omkring 4 liter om dagen.\n\nDet tyder nok p\u00e5, som producenterne h\u00e6vder, at kroppen har brug for vand, som er omstruktureret p\u00e5 denne m\u00e5de.\t\t\t<\/p>\n\t\t\t\t\t\t\t<div class=\"e-q-footer\">\n\t\t\t\t\t\t\t\t\t\t\t<cite class=\"elementor-blockquote__author\">J.A., (Review in Permaculture Magazine, UK)<\/cite>\n\t\t\t\t\t\t\t\t\t\t\t\t\t\t<\/div>\n\t\t\t\t\t<\/blockquote>\n\t\t\t\t\t\t<\/div>\n\t\t\t\t<\/div>\n\t\t\t\t<div class=\"elementor-element elementor-element-2e93c29 elementor-blockquote--skin-quotation elementor-widget elementor-widget-blockquote\" data-id=\"2e93c29\" data-element_type=\"widget\" data-e-type=\"widget\" data-widget_type=\"blockquote.default\">\n\t\t\t\t<div class=\"elementor-widget-container\">\n\t\t\t\t\t\t\t<blockquote class=\"elementor-blockquote\">\n\t\t\t<p class=\"elementor-blockquote__content\">\n\t\t\t\tMit h\u00f8jre \u00f8je var meget bedre i morges - det var ikke glasagtigt eller bl\u00e5t, og det var lettere at \u00e5bne.  Jeg tilskriver denne forbedring, at jeg b\u00e5de drikker struktureret vand og bader mit \u00f8je i struktureret vand. Jeg bruger rent vand k\u00f8bt i supermarkedet til Living Water Vortex.  Vandet er meget, meget godt.<br><br>\nBegge mine \u00f8jne har det meget bedre.  Min mor havde t\u00f8rre \u00f8jne, og jeg var ogs\u00e5 ved at udvikle denne tilstand.  Jeg synes, at mine \u00f8jne nu er normale, efter at jeg har badet dem morgen og aften i de sidste to uger.  Jeg bader ogs\u00e5 mit ansigt to gange om dagen.  Jeg kan se, at min hud er lysere og har en flot glans.<br><br>\nJeg f\u00f8ler, at min hud ser godt ud - lysere, hvilket for mig betyder, at alderspletterne er mindre synlige.  Jeg sover godt, bortset fra at jeg var overtr\u00e6t fredag aften efter en meget hektisk arbejdsuge ude vestp\u00e5.  Jeg sov to timer l\u00f8rdag eftermiddag, hvilket var rigtig godt for mig.  Da min hud er \u00e6ldre, vil jeg forts\u00e6tte med at vaske den, og den f\u00f8les ogs\u00e5 k\u00f8lig og frisk.\t\t\t<\/p>\n\t\t\t\t\t\t\t<div class=\"e-q-footer\">\n\t\t\t\t\t\t\t\t\t\t\t<cite class=\"elementor-blockquote__author\">B.F. (Queensland, Australia)<\/cite>\n\t\t\t\t\t\t\t\t\t\t\t\t\t\t<\/div>\n\t\t\t\t\t<\/blockquote>\n\t\t\t\t\t\t<\/div>\n\t\t\t\t<\/div>\n\t\t\t\t<\/div>\n\t\t\t\t\t<\/div>\n\t\t\t\t<\/div>\n\t\t\t\t<\/div>","protected":false},"excerpt":{"rendered":"<p>I have been using water purification jugs with carbon filters for many years and for the last 3 years a very expensive water purification system from Chanson, which has kept my stomach going and my bowels functioning well. So I was very excited about the first glass of water from the Living Water VORTEX\u00e8r. The [&hellip;]<\/p>\n","protected":false},"author":2,"featured_media":0,"parent":0,"menu_order":0,"comment_status":"closed","ping_status":"closed","template":"","meta":{"footnotes":""},"class_list":["post-5823","page","type-page","status-publish","hentry"],"_links":{"self":[{"href":"https:\/\/www.vortexer.dk\/da\/wp-json\/wp\/v2\/pages\/5823","targetHints":{"allow":["GET"]}}],"collection":[{"href":"https:\/\/www.vortexer.dk\/da\/wp-json\/wp\/v2\/pages"}],"about":[{"href":"https:\/\/www.vortexer.dk\/da\/wp-json\/wp\/v2\/types\/page"}],"author":[{"embeddable":true,"href":"https:\/\/www.vortexer.dk\/da\/wp-json\/wp\/v2\/users\/2"}],"replies":[{"embeddable":true,"href":"https:\/\/www.vortexer.dk\/da\/wp-json\/wp\/v2\/comments?post=5823"}],"version-history":[{"count":0,"href":"https:\/\/www.vortexer.dk\/da\/wp-json\/wp\/v2\/pages\/5823\/revisions"}],"wp:attachment":[{"href":"https:\/\/www.vortexer.dk\/da\/wp-json\/wp\/v2\/media?parent=5823"}],"curies":[{"name":"wp","href":"https:\/\/api.w.org\/{rel}","templated":true}]}}